{"id":273,"date":"2016-11-14T02:49:17","date_gmt":"2016-11-14T07:49:17","guid":{"rendered":"http:\/\/orleans.workspace.capitalwebdesign.ca\/?page_id=273"},"modified":"2017-05-21T19:13:11","modified_gmt":"2017-05-22T00:13:11","slug":"blog-quebec-martial-arts-kickboxing-mma-school","status":"publish","type":"page","link":"https:\/\/quebec.patenaudemartialarts.com\/en\/quebec-martial-arts-kickboxing-mma\/blog-quebec-martial-arts-kickboxing-mma-school\/","title":{"rendered":"Blog"},"content":{"rendered":"\n<style type=\"text\/css\" data-created_by=\"avia_inline_auto\" id=\"style-css-av-av_section-2fe31ecbd5feb94b30af280bec0dc287\">\n.avia-section.av-av_section-2fe31ecbd5feb94b30af280bec0dc287 .av-section-color-overlay{\nopacity:1;\nbackground-image:url(https:\/\/quebec.patenaudemartialarts.com\/wp-content\/themes\/enfold\/images\/background-images\/wool-diagonal-for-light-background.png);\nbackground-repeat:repeat;\n}\n<\/style>\n<div id='av_section_1'  class='avia-section av-av_section-2fe31ecbd5feb94b30af280bec0dc287 main_color avia-section-default avia-no-shadow  avia-builder-el-0  el_before_av_one_full  avia-builder-el-first  avia-bg-style-scroll av-section-color-overlay-active container_wrap sidebar_right'  ><div class=\"av-section-color-overlay-wrap\"><div class=\"av-section-color-overlay\"><\/div><div class='container av-section-cont-open' ><main  role=\"main\" itemprop=\"mainContentOfPage\"  class='template-page content  av-content-small alpha units'><div class='post-entry post-entry-type-page post-entry-273'><div class='entry-content-wrapper clearfix'>\n\n<style type=\"text\/css\" data-created_by=\"avia_inline_auto\" id=\"style-css-av-av_heading-540a8f66631204046e0f5859c05559a8\">\n#top .av-special-heading.av-av_heading-540a8f66631204046e0f5859c05559a8{\npadding-bottom:0;\n}\nbody .av-special-heading.av-av_heading-540a8f66631204046e0f5859c05559a8 .av-special-heading-tag .heading-char{\nfont-size:25px;\n}\n.av-special-heading.av-av_heading-540a8f66631204046e0f5859c05559a8 .av-subheading{\nfont-size:15px;\n}\n<\/style>\n<div  class='av-special-heading av-av_heading-540a8f66631204046e0f5859c05559a8 av-special-heading-h1 blockquote modern-quote  avia-builder-el-1  avia-builder-el-no-sibling '><h1 class='av-special-heading-tag '  itemprop=\"headline\"  >Mixed Martial Arts MMA <span class='special_amp'>&amp;<\/span> Kickboxing Blog for Quebec<\/h1><div class=\"special-heading-border\"><div class=\"special-heading-inner-border\"><\/div><\/div><\/div>\n<\/div><\/div><\/main><!-- close content main element --><\/div><\/div><\/div><div id='after_section_1'  class='main_color av_default_container_wrap container_wrap sidebar_right'  ><div class='container av-section-cont-open' ><div class='template-page content  av-content-small alpha units'><div class='post-entry post-entry-type-page post-entry-273'><div class='entry-content-wrapper clearfix'>\n<style type=\"text\/css\" data-created_by=\"avia_inline_auto\" id=\"style-css-av-av_one_full-6126cab7d8fab8d08143dd2dacdf673c\">\n.flex_column.av-av_one_full-6126cab7d8fab8d08143dd2dacdf673c{\nborder-radius:0px 0px 0px 0px;\npadding:0px 0px 0px 0px;\n}\n<\/style>\n<div  class='flex_column av-av_one_full-6126cab7d8fab8d08143dd2dacdf673c av_one_full  avia-builder-el-2  el_after_av_section  avia-builder-el-no-sibling  first flex_column_div av-zero-column-padding  '     ><div  class='av-alb-blogposts template-blog  av-blog-meta-author-disabled av-blog-meta-comments-disabled av-blog-meta-html-info-disabled av-blog-meta-tag-disabled '  itemscope=\"itemscope\" itemtype=\"https:\/\/schema.org\/Blog\" ><article class=\"post-entry post-entry-type-standard post-entry-847 post-loop-1 post-parity-odd single-big  post-847 post type-post status-publish format-standard hentry category-arts-martiaux tag-artsmartiaux tag-kicboxing tag-quebec tag-ste-foy\"  itemscope=\"itemscope\" itemtype=\"https:\/\/schema.org\/BlogPosting\" ><div class=\"blog-meta\"><\/div><div class='entry-content-wrapper clearfix standard-content'><header class=\"entry-content-header\" aria-label=\"Post: 3 Raisons pour commencer le kickboxing apr\u00e8s 30 ans\"><div class=\"av-heading-wrapper\"><span class=\"blog-categories minor-meta\"><a href=\"https:\/\/quebec.patenaudemartialarts.com\/ville-de-quebec-arts-martiaux-kickboxing-mma-quebec-city\/category\/arts-martiaux\/\" rel=\"tag\">arts martiaux<\/a><\/span><h2 class='post-title entry-title '  itemprop=\"headline\" ><a href=\"https:\/\/quebec.patenaudemartialarts.com\/en\/ville-de-quebec-arts-martiaux-kickboxing-mma-quebec-city\/3-raisons-pour-commencer-le-kickboxing-apres-30-ans\/\" rel=\"bookmark\" title=\"Permanent Link: 3 Raisons pour commencer le kickboxing apr\u00e8s 30 ans\">3 Raisons pour commencer le kickboxing apr\u00e8s 30 ans<span class=\"post-format-icon minor-meta\"><\/span><\/a><\/h2><\/div><\/header><span class=\"av-vertical-delimiter\"><\/span><div class=\"entry-content\"  itemprop=\"text\" ><p>1. Am\u00e9lioration de la forme physique : Le kickboxing est un excellent moyen de se mettre en forme et de maintenir un mode de vie actif, ce qui est particuli\u00e8rement important apr\u00e8s 30 ans pour pr\u00e9venir les maladies li\u00e9es \u00e0 l&#8217;\u00e2ge et rester en bonne sant\u00e9.<\/p>\n<p>2. Renforcement musculaire : Le kickboxing est un entra\u00eenement complet qui sollicite de nombreux groupes musculaires, aidant ainsi \u00e0 renforcer et tonifier le corps. Cela peut \u00eatre particuli\u00e8rement b\u00e9n\u00e9fique pour pr\u00e9venir la perte musculaire li\u00e9e \u00e0 l&#8217;\u00e2ge.<\/p>\n<p>3. Gestion du stress : Le kickboxing est \u00e9galement un excellent moyen de lib\u00e9rer le stress et les tensions accumul\u00e9s au fil des ans. Les s\u00e9ances d&#8217;entra\u00eenement intensives permettent de se d\u00e9fouler et de se vider l&#8217;esprit, favorisant un bien-\u00eatre mental et \u00e9motionnel<\/p>\n<\/div><span class=\"post-meta-infos\"><time class=\"date-container minor-meta updated\"  itemprop=\"datePublished\" datetime=\"2024-02-29T13:45:09-05:00\" >February 29, 2024<\/time><\/span><footer class=\"entry-footer\"><\/footer><div class='post_delimiter'><\/div><\/div><div class=\"post_author_timeline\"><\/div><span class='hidden'>\n\t\t\t\t<span class='av-structured-data'  itemprop=\"image\" itemscope=\"itemscope\" itemtype=\"https:\/\/schema.org\/ImageObject\" >\n\t\t\t\t\t\t<span itemprop='url'>https:\/\/quebec.patenaudemartialarts.com\/wp-content\/uploads\/sites\/2\/2017\/01\/pma-logo-black.png<\/span>\n\t\t\t\t\t\t<span itemprop='height'>0<\/span>\n\t\t\t\t\t\t<span itemprop='width'>0<\/span>\n\t\t\t\t<\/span>\n\t\t\t\t<span class='av-structured-data'  itemprop=\"publisher\" itemtype=\"https:\/\/schema.org\/Organization\" itemscope=\"itemscope\" >\n\t\t\t\t\t\t<span itemprop='name'>Quebec<\/span>\n\t\t\t\t\t\t<span itemprop='logo' itemscope itemtype='https:\/\/schema.org\/ImageObject'>\n\t\t\t\t\t\t\t<span itemprop='url'>https:\/\/quebec.patenaudemartialarts.com\/wp-content\/uploads\/sites\/2\/2017\/01\/pma-logo-black.png<\/span>\n\t\t\t\t\t\t<\/span>\n\t\t\t\t<\/span><span class='av-structured-data'  itemprop=\"author\" itemscope=\"itemscope\" itemtype=\"https:\/\/schema.org\/Person\" ><span itemprop='name'>Quebec<\/span><\/span><span class='av-structured-data'  itemprop=\"datePublished\" datetime=\"2024-02-29T13:45:09-05:00\" >2024-02-29 13:45:09<\/span><span class='av-structured-data'  itemprop=\"dateModified\" itemtype=\"https:\/\/schema.org\/dateModified\" >2024-02-29 13:45:09<\/span><span class='av-structured-data'  itemprop=\"mainEntityOfPage\" itemtype=\"https:\/\/schema.org\/mainEntityOfPage\" ><span itemprop='name'>3 Raisons pour commencer le kickboxing apr\u00e8s 30 ans<\/span><\/span><\/span><\/article><article class=\"post-entry post-entry-type-standard post-entry-845 post-loop-2 post-parity-even single-big  post-845 post type-post status-publish format-standard hentry category-arts-martiaux tag-artsmartiaux tag-kicboxing tag-quebec tag-ste-foy\"  itemscope=\"itemscope\" itemtype=\"https:\/\/schema.org\/BlogPosting\" ><div class=\"blog-meta\"><\/div><div class='entry-content-wrapper clearfix standard-content'><header class=\"entry-content-header\" aria-label=\"Post: Est ce qu&#8217;il est trop tard pour commencer le kickboxing\"><div class=\"av-heading-wrapper\"><span class=\"blog-categories minor-meta\"><a href=\"https:\/\/quebec.patenaudemartialarts.com\/ville-de-quebec-arts-martiaux-kickboxing-mma-quebec-city\/category\/arts-martiaux\/\" rel=\"tag\">arts martiaux<\/a><\/span><h2 class='post-title entry-title '  itemprop=\"headline\" ><a href=\"https:\/\/quebec.patenaudemartialarts.com\/en\/ville-de-quebec-arts-martiaux-kickboxing-mma-quebec-city\/est-ce-quil-est-trop-tard-pour-commencer-le-kickboxing\/\" rel=\"bookmark\" title=\"Permanent Link: Est ce qu&#8217;il est trop tard pour commencer le kickboxing\">Est ce qu&#8217;il est trop tard pour commencer le kickboxing<span class=\"post-format-icon minor-meta\"><\/span><\/a><\/h2><\/div><\/header><span class=\"av-vertical-delimiter\"><\/span><div class=\"entry-content\"  itemprop=\"text\" ><p>Il n&#8217;est jamais trop tard pour commencer le kickboxing. Peu importe votre \u00e2ge ou votre niveau de forme physique, vous pouvez toujours commencer \u00e0 pratiquer ce sport.\u00a0 Un de nos coachs pourra vous accompagner dans votre pratique et vous aider \u00e0 progresser. N&#8217;h\u00e9sitez pas \u00e0 vous renseigner et \u00e0 essayer une s\u00e9ance pour voir si le kickboxing vous convient.<\/p>\n<p>&nbsp;<\/p>\n<p>Au plaisir de vous voir en classes<\/p>\n<\/div><span class=\"post-meta-infos\"><time class=\"date-container minor-meta updated\"  itemprop=\"datePublished\" datetime=\"2024-02-29T13:39:20-05:00\" >February 29, 2024<\/time><\/span><footer class=\"entry-footer\"><\/footer><div class='post_delimiter'><\/div><\/div><div class=\"post_author_timeline\"><\/div><span class='hidden'>\n\t\t\t\t<span class='av-structured-data'  itemprop=\"image\" itemscope=\"itemscope\" itemtype=\"https:\/\/schema.org\/ImageObject\" >\n\t\t\t\t\t\t<span itemprop='url'>https:\/\/quebec.patenaudemartialarts.com\/wp-content\/uploads\/sites\/2\/2017\/01\/pma-logo-black.png<\/span>\n\t\t\t\t\t\t<span itemprop='height'>0<\/span>\n\t\t\t\t\t\t<span itemprop='width'>0<\/span>\n\t\t\t\t<\/span>\n\t\t\t\t<span class='av-structured-data'  itemprop=\"publisher\" itemtype=\"https:\/\/schema.org\/Organization\" itemscope=\"itemscope\" >\n\t\t\t\t\t\t<span itemprop='name'>Quebec<\/span>\n\t\t\t\t\t\t<span itemprop='logo' itemscope itemtype='https:\/\/schema.org\/ImageObject'>\n\t\t\t\t\t\t\t<span itemprop='url'>https:\/\/quebec.patenaudemartialarts.com\/wp-content\/uploads\/sites\/2\/2017\/01\/pma-logo-black.png<\/span>\n\t\t\t\t\t\t<\/span>\n\t\t\t\t<\/span><span class='av-structured-data'  itemprop=\"author\" itemscope=\"itemscope\" itemtype=\"https:\/\/schema.org\/Person\" ><span itemprop='name'>Quebec<\/span><\/span><span class='av-structured-data'  itemprop=\"datePublished\" datetime=\"2024-02-29T13:39:20-05:00\" >2024-02-29 13:39:20<\/span><span class='av-structured-data'  itemprop=\"dateModified\" itemtype=\"https:\/\/schema.org\/dateModified\" >2024-02-29 13:39:20<\/span><span class='av-structured-data'  itemprop=\"mainEntityOfPage\" itemtype=\"https:\/\/schema.org\/mainEntityOfPage\" ><span itemprop='name'>Est ce qu&#8217;il est trop tard pour commencer le kickboxing<\/span><\/span><\/span><\/article><article class=\"post-entry post-entry-type-standard post-entry-831 post-loop-3 post-parity-odd post-entry-last single-big  post-831 post type-post status-publish format-standard hentry category-enfants tag-artsmartiaux tag-kungfu tag-kung-fu tag-quebec tag-ste-foy\"  itemscope=\"itemscope\" itemtype=\"https:\/\/schema.org\/BlogPosting\" ><div class=\"blog-meta\"><\/div><div class='entry-content-wrapper clearfix standard-content'><header class=\"entry-content-header\" aria-label=\"Post: Le Kung Fu peut apporter de nombreux b\u00e9n\u00e9fices chez les enfants\"><div class=\"av-heading-wrapper\"><span class=\"blog-categories minor-meta\"><a href=\"https:\/\/quebec.patenaudemartialarts.com\/ville-de-quebec-arts-martiaux-kickboxing-mma-quebec-city\/category\/enfants\/\" rel=\"tag\">enfants<\/a><\/span><h2 class='post-title entry-title '  itemprop=\"headline\" ><a href=\"https:\/\/quebec.patenaudemartialarts.com\/en\/ville-de-quebec-arts-martiaux-kickboxing-mma-quebec-city\/le-kung-fu-peut-apporter-de-nombreux-benefices-chez-les-enfants\/\" rel=\"bookmark\" title=\"Permanent Link: Le Kung Fu peut apporter de nombreux b\u00e9n\u00e9fices chez les enfants\">Le Kung Fu peut apporter de nombreux b\u00e9n\u00e9fices chez les enfants<span class=\"post-format-icon minor-meta\"><\/span><\/a><\/h2><\/div><\/header><span class=\"av-vertical-delimiter\"><\/span><div class=\"entry-content\"  itemprop=\"text\" ><p>Le Kung Fu peut apporter de nombreux b\u00e9n\u00e9fices chez les enfants, notamment :<\/p>\n<p>&nbsp;<\/p>\n<p>1. Am\u00e9lioration de la coordination motrice : Le Kung Fu implique des mouvements complexes qui n\u00e9cessitent une coordination pr\u00e9cise des bras, des jambes et du corps. Les enfants qui pratiquent le Kung Fu d\u00e9veloppent donc une meilleure coordination motrice.<\/p>\n<p>&nbsp;<\/p>\n<p>2. Renforcement musculaire et d\u00e9veloppement de la force : Les exercices et les techniques de combat du Kung Fu permettent de renforcer les muscles et de d\u00e9velopper la force physique des enfants.<\/p>\n<p>&nbsp;<\/p>\n<p>3. D\u00e9veloppement de la concentration et de la discipline : Le Kung Fu demande une grande concentration et une discipline rigoureuse pour r\u00e9ussir les mouvements et les encha\u00eenements. Les enfants apprennent donc \u00e0 se concentrer et \u00e0 se discipliner pour progresser dans la pratique.<\/p>\n<p><span style=\"font-size: 1.235em\">Au plaisir de vous voir en classes\u00a0<\/span><\/p>\n<\/div><span class=\"post-meta-infos\"><time class=\"date-container minor-meta updated\"  itemprop=\"datePublished\" datetime=\"2024-02-28T17:20:24-05:00\" >February 28, 2024<\/time><\/span><footer class=\"entry-footer\"><\/footer><div class='post_delimiter'><\/div><\/div><div class=\"post_author_timeline\"><\/div><span class='hidden'>\n\t\t\t\t<span class='av-structured-data'  itemprop=\"image\" itemscope=\"itemscope\" itemtype=\"https:\/\/schema.org\/ImageObject\" >\n\t\t\t\t\t\t<span itemprop='url'>https:\/\/quebec.patenaudemartialarts.com\/wp-content\/uploads\/sites\/2\/2017\/01\/pma-logo-black.png<\/span>\n\t\t\t\t\t\t<span itemprop='height'>0<\/span>\n\t\t\t\t\t\t<span itemprop='width'>0<\/span>\n\t\t\t\t<\/span>\n\t\t\t\t<span class='av-structured-data'  itemprop=\"publisher\" itemtype=\"https:\/\/schema.org\/Organization\" itemscope=\"itemscope\" >\n\t\t\t\t\t\t<span itemprop='name'>Quebec<\/span>\n\t\t\t\t\t\t<span itemprop='logo' itemscope itemtype='https:\/\/schema.org\/ImageObject'>\n\t\t\t\t\t\t\t<span itemprop='url'>https:\/\/quebec.patenaudemartialarts.com\/wp-content\/uploads\/sites\/2\/2017\/01\/pma-logo-black.png<\/span>\n\t\t\t\t\t\t<\/span>\n\t\t\t\t<\/span><span class='av-structured-data'  itemprop=\"author\" itemscope=\"itemscope\" itemtype=\"https:\/\/schema.org\/Person\" ><span itemprop='name'>Quebec<\/span><\/span><span class='av-structured-data'  itemprop=\"datePublished\" datetime=\"2024-02-28T17:20:24-05:00\" >2024-02-28 17:20:24<\/span><span class='av-structured-data'  itemprop=\"dateModified\" itemtype=\"https:\/\/schema.org\/dateModified\" >2024-02-28 17:20:24<\/span><span class='av-structured-data'  itemprop=\"mainEntityOfPage\" itemtype=\"https:\/\/schema.org\/mainEntityOfPage\" ><span itemprop='name'>Le Kung Fu peut apporter de nombreux b\u00e9n\u00e9fices chez les enfants<\/span><\/span><\/span><\/article><div class='single-big'><nav class='pagination'><span class='pagination-meta'>Page 1 of 2<\/span><span class='current'>1<\/span><a href='https:\/\/quebec.patenaudemartialarts.com\/en\/wp-json\/wp\/v2\/pages\/273\/page\/2\/' class='inactive next_page' >2<\/a><\/nav>\n<\/div><\/div><\/div><\/p>\n","protected":false},"excerpt":{"rendered":"","protected":false},"author":1,"featured_media":0,"parent":2,"menu_order":0,"comment_status":"closed","ping_status":"closed","template":"","meta":{"footnotes":""},"class_list":["post-273","page","type-page","status-publish","hentry"],"yoast_head":"<!-- This site is optimized with the Yoast SEO plugin v27.1.1 - https:\/\/yoast.com\/product\/yoast-seo-wordpress\/ -->\n<title>BLOG QUEBEC CITY MARTIAL ARTS BLOG MMA &amp; KICKBOXING BLOG IN QUEBEC CITY<\/title>\n<meta name=\"description\" content=\"MIXED MARTIAL ARTS BLOG IN QUEBEC CITY FOR KICKBOXING AND MMA\" \/>\n<meta name=\"robots\" content=\"index, follow, max-snippet:-1, max-image-preview:large, max-video-preview:-1\" \/>\n<link rel=\"canonical\" href=\"https:\/\/quebec.patenaudemartialarts.com\/en\/quebec-martial-arts-kickboxing-mma\/blog-quebec-martial-arts-kickboxing-mma-school\/\" \/>\n<meta property=\"og:locale\" content=\"en_US\" \/>\n<meta property=\"og:type\" content=\"article\" \/>\n<meta property=\"og:title\" content=\"BLOG QUEBEC CITY MARTIAL ARTS BLOG MMA &amp; KICKBOXING BLOG IN QUEBEC CITY\" \/>\n<meta property=\"og:description\" content=\"MIXED MARTIAL ARTS BLOG IN QUEBEC CITY FOR KICKBOXING AND MMA\" \/>\n<meta property=\"og:url\" content=\"https:\/\/quebec.patenaudemartialarts.com\/en\/quebec-martial-arts-kickboxing-mma\/blog-quebec-martial-arts-kickboxing-mma-school\/\" \/>\n<meta property=\"og:site_name\" content=\"Arts Martiaux &amp; Kung-Fu Patenaude Qu\u00e9bec\" \/>\n<meta property=\"article:publisher\" content=\"https:\/\/www.facebook.com\/PatenaudeMartialArts\" \/>\n<meta property=\"article:modified_time\" content=\"2017-05-22T00:13:11+00:00\" \/>\n<meta name=\"twitter:card\" content=\"summary_large_image\" \/>\n<meta name=\"twitter:site\" content=\"@fangshendo\" \/>\n<meta name=\"twitter:label1\" content=\"Est. reading time\" \/>\n\t<meta name=\"twitter:data1\" content=\"1 minute\" \/>\n<script type=\"application\/ld+json\" class=\"yoast-schema-graph\">{\"@context\":\"https:\/\/schema.org\",\"@graph\":[{\"@type\":\"WebPage\",\"@id\":\"https:\/\/quebec.patenaudemartialarts.com\/en\/quebec-martial-arts-kickboxing-mma\/blog-quebec-martial-arts-kickboxing-mma-school\/\",\"url\":\"https:\/\/quebec.patenaudemartialarts.com\/en\/quebec-martial-arts-kickboxing-mma\/blog-quebec-martial-arts-kickboxing-mma-school\/\",\"name\":\"BLOG QUEBEC CITY MARTIAL ARTS BLOG MMA & KICKBOXING BLOG IN QUEBEC CITY\",\"isPartOf\":{\"@id\":\"https:\/\/quebec.patenaudemartialarts.tempurl.host\/#website\"},\"datePublished\":\"2016-11-14T07:49:17+00:00\",\"dateModified\":\"2017-05-22T00:13:11+00:00\",\"description\":\"MIXED MARTIAL ARTS BLOG IN QUEBEC CITY FOR KICKBOXING AND MMA\",\"breadcrumb\":{\"@id\":\"https:\/\/quebec.patenaudemartialarts.com\/en\/quebec-martial-arts-kickboxing-mma\/blog-quebec-martial-arts-kickboxing-mma-school\/#breadcrumb\"},\"inLanguage\":\"en-US\",\"potentialAction\":[{\"@type\":\"ReadAction\",\"target\":[\"https:\/\/quebec.patenaudemartialarts.com\/en\/quebec-martial-arts-kickboxing-mma\/blog-quebec-martial-arts-kickboxing-mma-school\/\"]}]},{\"@type\":\"BreadcrumbList\",\"@id\":\"https:\/\/quebec.patenaudemartialarts.com\/en\/quebec-martial-arts-kickboxing-mma\/blog-quebec-martial-arts-kickboxing-mma-school\/#breadcrumb\",\"itemListElement\":[{\"@type\":\"ListItem\",\"position\":1,\"name\":\"Home\",\"item\":\"https:\/\/quebec.patenaudemartialarts.com\/en\/\"},{\"@type\":\"ListItem\",\"position\":2,\"name\":\"Home\",\"item\":\"https:\/\/quebec.patenaudemartialarts.com\/en\/\"},{\"@type\":\"ListItem\",\"position\":3,\"name\":\"Blog\"}]},{\"@type\":\"WebSite\",\"@id\":\"https:\/\/quebec.patenaudemartialarts.tempurl.host\/#website\",\"url\":\"https:\/\/quebec.patenaudemartialarts.tempurl.host\/\",\"name\":\"Arts Martiaux &amp; Kung-Fu Patenaude Qu\u00e9bec\",\"description\":\"quebec-martial-arts-kickboxing-mma\",\"potentialAction\":[{\"@type\":\"SearchAction\",\"target\":{\"@type\":\"EntryPoint\",\"urlTemplate\":\"https:\/\/quebec.patenaudemartialarts.tempurl.host\/?s={search_term_string}\"},\"query-input\":{\"@type\":\"PropertyValueSpecification\",\"valueRequired\":true,\"valueName\":\"search_term_string\"}}],\"inLanguage\":\"en-US\"}]}<\/script>\n<!-- \/ Yoast SEO plugin. -->","yoast_head_json":{"title":"BLOG QUEBEC CITY MARTIAL ARTS BLOG MMA & KICKBOXING BLOG IN QUEBEC CITY","description":"MIXED MARTIAL ARTS BLOG IN QUEBEC CITY FOR KICKBOXING AND MMA","robots":{"index":"index","follow":"follow","max-snippet":"max-snippet:-1","max-image-preview":"max-image-preview:large","max-video-preview":"max-video-preview:-1"},"canonical":"https:\/\/quebec.patenaudemartialarts.com\/en\/quebec-martial-arts-kickboxing-mma\/blog-quebec-martial-arts-kickboxing-mma-school\/","og_locale":"en_US","og_type":"article","og_title":"BLOG QUEBEC CITY MARTIAL ARTS BLOG MMA & KICKBOXING BLOG IN QUEBEC CITY","og_description":"MIXED MARTIAL ARTS BLOG IN QUEBEC CITY FOR KICKBOXING AND MMA","og_url":"https:\/\/quebec.patenaudemartialarts.com\/en\/quebec-martial-arts-kickboxing-mma\/blog-quebec-martial-arts-kickboxing-mma-school\/","og_site_name":"Arts Martiaux &amp; Kung-Fu Patenaude Qu\u00e9bec","article_publisher":"https:\/\/www.facebook.com\/PatenaudeMartialArts","article_modified_time":"2017-05-22T00:13:11+00:00","twitter_card":"summary_large_image","twitter_site":"@fangshendo","twitter_misc":{"Est. reading time":"1 minute"},"schema":{"@context":"https:\/\/schema.org","@graph":[{"@type":"WebPage","@id":"https:\/\/quebec.patenaudemartialarts.com\/en\/quebec-martial-arts-kickboxing-mma\/blog-quebec-martial-arts-kickboxing-mma-school\/","url":"https:\/\/quebec.patenaudemartialarts.com\/en\/quebec-martial-arts-kickboxing-mma\/blog-quebec-martial-arts-kickboxing-mma-school\/","name":"BLOG QUEBEC CITY MARTIAL ARTS BLOG MMA & KICKBOXING BLOG IN QUEBEC CITY","isPartOf":{"@id":"https:\/\/quebec.patenaudemartialarts.tempurl.host\/#website"},"datePublished":"2016-11-14T07:49:17+00:00","dateModified":"2017-05-22T00:13:11+00:00","description":"MIXED MARTIAL ARTS BLOG IN QUEBEC CITY FOR KICKBOXING AND MMA","breadcrumb":{"@id":"https:\/\/quebec.patenaudemartialarts.com\/en\/quebec-martial-arts-kickboxing-mma\/blog-quebec-martial-arts-kickboxing-mma-school\/#breadcrumb"},"inLanguage":"en-US","potentialAction":[{"@type":"ReadAction","target":["https:\/\/quebec.patenaudemartialarts.com\/en\/quebec-martial-arts-kickboxing-mma\/blog-quebec-martial-arts-kickboxing-mma-school\/"]}]},{"@type":"BreadcrumbList","@id":"https:\/\/quebec.patenaudemartialarts.com\/en\/quebec-martial-arts-kickboxing-mma\/blog-quebec-martial-arts-kickboxing-mma-school\/#breadcrumb","itemListElement":[{"@type":"ListItem","position":1,"name":"Home","item":"https:\/\/quebec.patenaudemartialarts.com\/en\/"},{"@type":"ListItem","position":2,"name":"Home","item":"https:\/\/quebec.patenaudemartialarts.com\/en\/"},{"@type":"ListItem","position":3,"name":"Blog"}]},{"@type":"WebSite","@id":"https:\/\/quebec.patenaudemartialarts.tempurl.host\/#website","url":"https:\/\/quebec.patenaudemartialarts.tempurl.host\/","name":"Arts Martiaux &amp; Kung-Fu Patenaude Qu\u00e9bec","description":"quebec-martial-arts-kickboxing-mma","potentialAction":[{"@type":"SearchAction","target":{"@type":"EntryPoint","urlTemplate":"https:\/\/quebec.patenaudemartialarts.tempurl.host\/?s={search_term_string}"},"query-input":{"@type":"PropertyValueSpecification","valueRequired":true,"valueName":"search_term_string"}}],"inLanguage":"en-US"}]}},"_links":{"self":[{"href":"https:\/\/quebec.patenaudemartialarts.com\/en\/wp-json\/wp\/v2\/pages\/273","targetHints":{"allow":["GET"]}}],"collection":[{"href":"https:\/\/quebec.patenaudemartialarts.com\/en\/wp-json\/wp\/v2\/pages"}],"about":[{"href":"https:\/\/quebec.patenaudemartialarts.com\/en\/wp-json\/wp\/v2\/types\/page"}],"author":[{"embeddable":true,"href":"https:\/\/quebec.patenaudemartialarts.com\/en\/wp-json\/wp\/v2\/users\/1"}],"replies":[{"embeddable":true,"href":"https:\/\/quebec.patenaudemartialarts.com\/en\/wp-json\/wp\/v2\/comments?post=273"}],"version-history":[{"count":0,"href":"https:\/\/quebec.patenaudemartialarts.com\/en\/wp-json\/wp\/v2\/pages\/273\/revisions"}],"up":[{"embeddable":true,"href":"https:\/\/quebec.patenaudemartialarts.com\/en\/wp-json\/wp\/v2\/pages\/2"}],"wp:attachment":[{"href":"https:\/\/quebec.patenaudemartialarts.com\/en\/wp-json\/wp\/v2\/media?parent=273"}],"curies":[{"name":"wp","href":"https:\/\/api.w.org\/{rel}","templated":true}]}}